{"id":242,"date":"2021-02-13T00:37:10","date_gmt":"2021-02-12T23:37:10","guid":{"rendered":"http:\/\/andoins.com\/?page_id=242"},"modified":"2026-03-31T22:28:06","modified_gmt":"2026-03-31T20:28:06","slug":"commissions","status":"publish","type":"page","link":"https:\/\/andoins.com\/index.php\/home\/municipalite\/commissions\/","title":{"rendered":"Commissions"},"content":{"rendered":"[vc_row][vc_column][vc_tta_tour color=\u00a0\u00bbsky\u00a0\u00bb active_section=\u00a0\u00bbA\u00a0\u00bb title=\u00a0\u00bbCommissions municipales\u00a0\u00bb][vc_tta_section title=\u00a0\u00bbTravaux, voirie, am\u00e9nagement &#038; b\u00e2timent\u00a0\u00bb tab_id=\u00a0\u00bb1613170449705-29f5e675-e619&Prime;][vc_column_text]Aude LACAZE-LABADIE (pr\u00e9sidente)<\/p>\n<p>Jean-Max LASSERRE (vice-pr\u00e9sident)<\/p>\n<p>Pierre BOUSQU\u00c9<\/p>\n<p>Clarisse C\u00c9C\u00c9<\/p>\n<p>Jos\u00e9 FERREIRA<\/p>\n<p>Marie-Christine LANUSSE<\/p>\n<p>Mathieu PRIOLLAUD[\/vc_column_text][\/vc_tta_section][vc_tta_section title=\u00a0\u00bbAssociations &#038; animations\u00a0\u00bb tab_id=\u00a0\u00bb1613170654084-ad0c2926-8433&Prime;][vc_column_text]Aude LACAZE-LABADIE (pr\u00e9sidente)<\/p>\n<p>Sandrine CASAMAYOU-SOUL\u00c9 (vice-pr\u00e9sidente)<\/p>\n<p>Nicolas BURGUETE<\/p>\n<p>Clarisse C\u00c9C\u00c9<\/p>\n<p>Jos\u00e9 FERREIRA<\/p>\n<p>Emmanuel FOUGERAIS<\/p>\n<p>Amandine LAFFITTAU<\/p>\n<p>Marie-Christine LANUSSE<\/p>\n<p>Mathilde LEVET[\/vc_column_text][\/vc_tta_section][vc_tta_section title=\u00a0\u00bbCommunication\u00a0\u00bb tab_id=\u00a0\u00bb1613170064746-daf9cdd4-82a2&Prime;][vc_column_text]Aude LACAZE-LABADIE (pr\u00e9sidente)<\/p>\n<p>Mathieu PRIOLLAUD (vice-pr\u00e9sident)<\/p>\n<p>Fran\u00e7ois FRANCE<\/p>\n<p>Amandine LAFFITAU<\/p>\n<p>Jean-Max LASSERRE<\/p>\n<p>Mathilde LEVET[\/vc_column_text][\/vc_tta_section][vc_tta_section title=\u00a0\u00bbAppels d&rsquo;offre\u00a0\u00bb tab_id=\u00a0\u00bb1613171400731-0e5b7e46-97cd\u00a0\u00bb][vc_column_text]Nicolas BURGUETE (titulaire)<\/p>\n<p>Clarisse C\u00c9C\u00c9 (titulaire)<\/p>\n<p>Jos\u00e9 FERREIRA (titulaire)<\/p>\n<p>Pierre BOUSQU\u00c9 (suppl\u00e9ant)<\/p>\n<p>Jean-Max LASSERRE (suppl\u00e9ant)<\/p>\n<p>Mathilde LEVET (suppl\u00e9ante)[\/vc_column_text][\/vc_tta_section][\/vc_tta_tour][vc_tta_tour color=\u00a0\u00bbsky\u00a0\u00bb active_section=\u00a0\u00bbA\u00a0\u00bb title=\u00a0\u00bbCommission communale imp\u00f4ts directs\u00a0\u00bb][vc_tta_section title=\u00a0\u00bbTitulaires\u00a0\u00bb tab_id=\u00a0\u00bb1613172147155-6ceae90e-d7e5&Prime;][vc_column_text]<em>Non d\u00e9termin\u00e9<\/em>[\/vc_column_text][\/vc_tta_section][vc_tta_section title=\u00a0\u00bbSuppl\u00e9ants\u00a0\u00bb tab_id=\u00a0\u00bb1613172147155-5f68a7a3-c748&Prime;][vc_column_text]<em>Non d\u00e9termin\u00e9<\/em>[\/vc_column_text][\/vc_tta_section][\/vc_tta_tour][vc_tta_tour color=\u00a0\u00bbsky\u00a0\u00bb active_section=\u00a0\u00bbA\u00a0\u00bb title=\u00a0\u00bbD\u00e9l\u00e9gu\u00e9s aux syndicats &#038; organismes\u00a0\u00bb][vc_tta_section title=\u00a0\u00bbCommunaut\u00e9 de communes Nord-Est B\u00e9arn\u00a0\u00bb tab_id=\u00a0\u00bb1613172408301-53b9d8bd-c84a\u00a0\u00bb][vc_column_text]Aude LACAZE-LABADIE (d\u00e9l\u00e9gu\u00e9e titulaire)<\/p>\n<p>Jean-Max LASSERRE (d\u00e9l\u00e9gu\u00e9 suppl\u00e9ant)[\/vc_column_text][\/vc_tta_section][vc_tta_section title=\u00a0\u00bbSyndicat d&rsquo;Eau &#038; d&rsquo;Assainissement B\u00e9arn Bigorre\u00a0\u00bb tab_id=\u00a0\u00bb1613172408302-d1e6ac1a-9af8&Prime;][vc_column_text]Pierre BOUSQU\u00c9 (d\u00e9l\u00e9gu\u00e9 titulaire)<\/p>\n<p>Aude LACAZE-LABADIE (d\u00e9l\u00e9gu\u00e9e titulaire)<\/p>\n<p>Emmanuel FOUGERAIS (d\u00e9l\u00e9gu\u00e9 suppl\u00e9ant)<\/p>\n<p>Amandine LAFFITTAU (d\u00e9l\u00e9gu\u00e9e suppl\u00e9ante)[\/vc_column_text][\/vc_tta_section][vc_tta_section title=\u00a0\u00bbSyndicat D&rsquo;Energie des Pyr\u00e9n\u00e9es Atlantiques\u00a0\u00bb tab_id=\u00a0\u00bb1613172476138-5a1d2c22-72a4&Prime;][vc_column_text]Fran\u00e7ois FRANCE (d\u00e9l\u00e9gu\u00e9 titulaire)<\/p>\n<p>Pierre BOUSQU\u00c9 (d\u00e9l\u00e9gu\u00e9 suppl\u00e9ant)[\/vc_column_text][\/vc_tta_section][vc_tta_section title=\u00a0\u00bbCorrespondant D\u00e9fense &#038; Recensement\u00a0\u00bb tab_id=\u00a0\u00bb1613172773755-2e11e18e-3f16&Prime;][vc_column_text]Aude LACAZE-LABADIE (d\u00e9l\u00e9gu\u00e9e titulaire)[\/vc_column_text][\/vc_tta_section][\/vc_tta_tour][\/vc_column][\/vc_row]\n","protected":false},"excerpt":{"rendered":"<p>[vc_row][vc_column][vc_tta_tour color=\u00a0\u00bbsky\u00a0\u00bb active_section=\u00a0\u00bbA\u00a0\u00bb title=\u00a0\u00bbCommissions municipales\u00a0\u00bb][vc_tta_section title=\u00a0\u00bbTravaux, voirie, am\u00e9nagement &#038; b\u00e2timent\u00a0\u00bb tab_id=\u00a0\u00bb1613170449705-29f5e675-e619&Prime;][vc_column_text]Aude LACAZE-LABADIE (pr\u00e9sidente) Jean-Max LASSERRE (vice-pr\u00e9sident) Pierre BOUSQU\u00c9 Clarisse C\u00c9C\u00c9 Jos\u00e9 FERREIRA Marie-Christine LANUSSE Mathieu PRIOLLAUD[\/vc_column_text][\/vc_tta_section][vc_tta_section title=\u00a0\u00bbAssociations &#038; animations\u00a0\u00bb tab_id=\u00a0\u00bb1613170654084-ad0c2926-8433&Prime;][vc_column_text]Aude [&hellip;]<\/p>\n","protected":false},"author":1,"featured_media":0,"parent":358,"menu_order":0,"comment_status":"closed","ping_status":"closed","template":"","meta":{"kt_blocks_editor_width":""},"_links":{"self":[{"href":"https:\/\/andoins.com\/index.php\/wp-json\/wp\/v2\/pages\/242"}],"collection":[{"href":"https:\/\/andoins.com\/index.php\/wp-json\/wp\/v2\/pages"}],"about":[{"href":"https:\/\/andoins.com\/index.php\/wp-json\/wp\/v2\/types\/page"}],"author":[{"embeddable":true,"href":"https:\/\/andoins.com\/index.php\/wp-json\/wp\/v2\/users\/1"}],"replies":[{"embeddable":true,"href":"https:\/\/andoins.com\/index.php\/wp-json\/wp\/v2\/comments?post=242"}],"version-history":[{"count":22,"href":"https:\/\/andoins.com\/index.php\/wp-json\/wp\/v2\/pages\/242\/revisions"}],"predecessor-version":[{"id":1095,"href":"https:\/\/andoins.com\/index.php\/wp-json\/wp\/v2\/pages\/242\/revisions\/1095"}],"up":[{"embeddable":true,"href":"https:\/\/andoins.com\/index.php\/wp-json\/wp\/v2\/pages\/358"}],"wp:attachment":[{"href":"https:\/\/andoins.com\/index.php\/wp-json\/wp\/v2\/media?parent=242"}],"curies":[{"name":"wp","href":"https:\/\/api.w.org\/{rel}","templated":true}]}}