{"id":273,"date":"2021-02-13T22:19:23","date_gmt":"2021-02-13T21:19:23","guid":{"rendered":"http:\/\/andoins.com\/?page_id=273"},"modified":"2026-03-31T22:56:12","modified_gmt":"2026-03-31T20:56:12","slug":"associations","status":"publish","type":"page","link":"https:\/\/andoins.com\/index.php\/home\/le-village\/associations\/","title":{"rendered":"Associations"},"content":{"rendered":"[vc_row][vc_column width=\u00a0\u00bb1\/3&Prime;][vc_separator][vc_column_text]\n<blockquote>\n<p><strong>Aiguilles et pinceaux<\/strong><\/p>\n<\/blockquote>\n[\/vc_column_text][\/vc_column][vc_column width=\u00a0\u00bb2\/3&Prime;][vc_separator][vc_empty_space][vc_column_text]\n<p style=\"text-align: justify;\">L&rsquo;association propose deux activit\u00e9s : le Patchwork et la peinture sur porcelaine.<\/p>\n<p style=\"text-align: justify;\">Pr\u00e9sidente : Marie-Ren\u00e9\u00e9 CHAUVIN<\/p>\n[\/vc_column_text][\/vc_column][\/vc_row][vc_row][vc_column width=\u00a0\u00bb1\/3&Prime;][vc_separator][vc_column_text]\n<blockquote>\n<p><strong>Association des parents d&rsquo;\u00e9l\u00e8ves<\/strong><\/p>\n<p>&nbsp;<\/p>\n<\/blockquote>\n[\/vc_column_text][\/vc_column][vc_column width=\u00a0\u00bb2\/3&Prime;][vc_separator][vc_empty_space][vc_column_text]\n<p style=\"text-align: justify;\">L&rsquo;APE d&rsquo;Andoins m\u00e8ne des actions tout au long de l&rsquo;ann\u00e9e pour aider les \u00e9quipes p\u00e9dagogiques de l&rsquo;\u00e9cole \u00e0 r\u00e9aliser ses projets en faveur des enfants.<\/p>\n<p style=\"text-align: justify;\">Contact : <a href=\"mailto:apeandoins@gmail.com\">APE<\/a><\/p>\n[\/vc_column_text][\/vc_column][\/vc_row][vc_row][vc_column width=\u00a0\u00bb1\/3&Prime;][vc_separator][vc_column_text]\n<blockquote>\n<p><strong>Comit\u00e9 des f\u00eates<\/strong><\/p>\n<\/blockquote>\n[\/vc_column_text][\/vc_column][vc_column width=\u00a0\u00bb2\/3&Prime;][vc_separator][vc_empty_space height=\u00a0\u00bb20px\u00a0\u00bb][vc_column_text]\n<p style=\"text-align: justify;\">Cette association de jeunes Andon\u00e9siens organise des \u00e9v\u00e8nements festifs dont les s\u00e9r\u00e9nades pr\u00e9c\u00e9dant la f\u00eate annuelle du village au mois de Juillet.<\/p>\n<p style=\"text-align: justify;\">Contact : Sylvain Gathellier<\/p>\n[\/vc_column_text][\/vc_column][\/vc_row][vc_row][vc_column width=\u00a0\u00bb1\/3&Prime;][vc_separator][vc_column_text]\n<blockquote>\n<p><strong>Association Communale de Chasse Agr\u00e9\u00e9e d&rsquo;Andoins<\/strong><\/p>\n<\/blockquote>\n[\/vc_column_text][\/vc_column][vc_column width=\u00a0\u00bb2\/3&Prime;][vc_separator][vc_empty_space][vc_column_text]\n<p style=\"text-align: justify;\"><span class=\"activite\">L&rsquo;association communale de chasse agr\u00e9\u00e9e d&rsquo;Andoins a cr\u00e9\u00e9 une association intercommunale avec Ouillon, permettant aux chasseurs des deux communes, avec une carte ad\u00e9quate, de chasser sur ces deux territoires.<\/span><\/p>\n<p style=\"text-align: justify;\">Pr\u00e9sident : Alfred POUBLAN<\/p>\n[\/vc_column_text][\/vc_column][\/vc_row][vc_row][vc_column width=\u00a0\u00bb1\/3&Prime;][vc_separator][vc_column_text]\n<blockquote>\n<p><strong>Association Sports et Loisirs Andoins<\/strong><\/p>\n<\/blockquote>\n[\/vc_column_text][\/vc_column][vc_column width=\u00a0\u00bb2\/3&Prime;][vc_separator][vc_empty_space][vc_column_text]\n<p style=\"text-align: justify;\">L&rsquo;ASLA est une association de sports et de loisirs proposant diverses activit\u00e9s : Badminton, Roller, Gymnastique\/pilates et Marche.<\/p>\n<p style=\"text-align: justify;\">Plus de renseignements : <a href=\"http:\/\/asla64.fr\" target=\"_blank\" rel=\"noopener\">asla64<\/a><\/p>\n[\/vc_column_text][\/vc_column][\/vc_row][vc_row][vc_column width=\u00a0\u00bb1\/3&Prime;][vc_separator][vc_column_text]\n<blockquote>\n<p><strong>Futsal Andon\u00e9sien<\/strong><\/p>\n<\/blockquote>\n[\/vc_column_text][\/vc_column][vc_column width=\u00a0\u00bb2\/3&Prime;][vc_separator][vc_empty_space][vc_column_text]\n<p style=\"text-align: justify;\">Association pour la pratique du Futsal \u00e0 Andoins<\/p>\n<p style=\"text-align: justify;\">Pr\u00e9sident : Yoann PANDELES<\/p>\n[\/vc_column_text][\/vc_column][\/vc_row][vc_row][vc_column width=\u00a0\u00bb1\/3&Prime;][vc_separator][vc_column_text]\n<blockquote>\n<p><strong>Club ULM Pau Pyr\u00e9n\u00e9es<\/strong><\/p>\n<\/blockquote>\n[\/vc_column_text][\/vc_column][vc_column width=\u00a0\u00bb2\/3&Prime;][vc_separator][vc_empty_space height=\u00a0\u00bb20px\u00a0\u00bb][vc_column_text]\n<p style=\"text-align: justify;\">La base du club ULMPP, situ\u00e9e sur la commune, permet d&rsquo;accepter toutes les cat\u00e9gories d&rsquo;ULM.<\/p>\n<p style=\"text-align: justify;\">Pr\u00e9sident : Jean-Pierre Etchegaray<\/p>\n[\/vc_column_text][\/vc_column][\/vc_row][vc_row][vc_column width=\u00a0\u00bb1\/3&Prime;][vc_separator][vc_column_text]\n<blockquote>\n<p><strong>COM A LA MAYSOU<\/strong><\/p>\n<p>&nbsp;<\/p>\n<\/blockquote>\n[\/vc_column_text][\/vc_column][vc_column width=\u00a0\u00bb2\/3&Prime;][vc_separator][vc_empty_space height=\u00a0\u00bb20px\u00a0\u00bb][vc_column_text]\n<p style=\"text-align: justify;\">COM A LA MAYSOU est le caf\u00e9 associatif d&rsquo;Andoins qui accueille ses adh\u00e9rents le vendredi soir (18h00-23h00) au centre du village.<\/p>\n<p style=\"text-align: justify;\">Il organise r\u00e9guli\u00e8rement des soir\u00e9es concert et th\u00e9matiques.<\/p>\n[\/vc_column_text][\/vc_column][\/vc_row]\n","protected":false},"excerpt":{"rendered":"<p>[vc_row][vc_column width=\u00a0\u00bb1\/3&Prime;][vc_separator][vc_column_text] Aiguilles et pinceaux [\/vc_column_text][\/vc_column][vc_column width=\u00a0\u00bb2\/3&Prime;][vc_separator][vc_empty_space][vc_column_text] L&rsquo;association propose deux activit\u00e9s : le Patchwork et la peinture sur porcelaine. Pr\u00e9sidente : Marie-Ren\u00e9\u00e9 CHAUVIN [\/vc_column_text][\/vc_column][\/vc_row][vc_row][vc_column width=\u00a0\u00bb1\/3&Prime;][vc_separator][vc_column_text] Association des parents d&rsquo;\u00e9l\u00e8ves &nbsp; [&hellip;]<\/p>\n","protected":false},"author":1,"featured_media":0,"parent":258,"menu_order":0,"comment_status":"closed","ping_status":"closed","template":"","meta":{"kt_blocks_editor_width":""},"_links":{"self":[{"href":"https:\/\/andoins.com\/index.php\/wp-json\/wp\/v2\/pages\/273"}],"collection":[{"href":"https:\/\/andoins.com\/index.php\/wp-json\/wp\/v2\/pages"}],"about":[{"href":"https:\/\/andoins.com\/index.php\/wp-json\/wp\/v2\/types\/page"}],"author":[{"embeddable":true,"href":"https:\/\/andoins.com\/index.php\/wp-json\/wp\/v2\/users\/1"}],"replies":[{"embeddable":true,"href":"https:\/\/andoins.com\/index.php\/wp-json\/wp\/v2\/comments?post=273"}],"version-history":[{"count":26,"href":"https:\/\/andoins.com\/index.php\/wp-json\/wp\/v2\/pages\/273\/revisions"}],"predecessor-version":[{"id":1099,"href":"https:\/\/andoins.com\/index.php\/wp-json\/wp\/v2\/pages\/273\/revisions\/1099"}],"up":[{"embeddable":true,"href":"https:\/\/andoins.com\/index.php\/wp-json\/wp\/v2\/pages\/258"}],"wp:attachment":[{"href":"https:\/\/andoins.com\/index.php\/wp-json\/wp\/v2\/media?parent=273"}],"curies":[{"name":"wp","href":"https:\/\/api.w.org\/{rel}","templated":true}]}}