{"id":285,"date":"2021-02-13T23:28:17","date_gmt":"2021-02-13T22:28:17","guid":{"rendered":"http:\/\/andoins.com\/?page_id=285"},"modified":"2026-03-27T23:10:51","modified_gmt":"2026-03-27T22:10:51","slug":"elus","status":"publish","type":"page","link":"https:\/\/andoins.com\/index.php\/home\/municipalite\/elus\/","title":{"rendered":"Elus"},"content":{"rendered":"[vc_row css=\u00a0\u00bb.vc_custom_1613254578764{background-color: #1e73be !important;}\u00a0\u00bb][vc_column width=\u00a0\u00bb1\/4&Prime;][vc_single_image image=\u00a0\u00bb1065&Prime; alignment=\u00a0\u00bbcenter\u00a0\u00bb style=\u00a0\u00bbvc_box_circle_2&Prime;][vc_column_text]\n<p style=\"text-align: center;\"><span style=\"color: #ffffff;\"><strong>Aude LACAZE-LABADIE<\/strong><\/span><\/p>\n<p style=\"text-align: center;\"><span style=\"color: #ffffff;\">Maire<\/span><\/p>\n[\/vc_column_text][\/vc_column][vc_column width=\u00a0\u00bb1\/4&Prime;][vc_single_image image=\u00a0\u00bb1071&Prime; alignment=\u00a0\u00bbcenter\u00a0\u00bb style=\u00a0\u00bbvc_box_circle_2&Prime;][vc_column_text]\n<p style=\"text-align: center;\"><span style=\"color: #ffffff;\"><strong>Jean-Max LASSERRE<\/strong><\/span><\/p>\n<p style=\"text-align: center;\"><span style=\"color: #ffffff;\">1<sup>er<\/sup> Adjoint<\/span><\/p>\n[\/vc_column_text][\/vc_column][vc_column width=\u00a0\u00bb1\/4&Prime;][vc_single_image image=\u00a0\u00bb1077&Prime; alignment=\u00a0\u00bbcenter\u00a0\u00bb style=\u00a0\u00bbvc_box_circle_2&Prime;][vc_column_text]\n<p style=\"text-align: center;\"><span style=\"color: #ffffff;\"><strong>Sandrine CASAMAYOU-SOUL\u00c9<\/strong><\/span><\/p>\n<p style=\"text-align: center;\"><span style=\"color: #ffffff;\">2<sup>e<\/sup> Adjointe<\/span><\/p>\n[\/vc_column_text][\/vc_column][vc_column width=\u00a0\u00bb1\/4&Prime;][vc_single_image image=\u00a0\u00bb1073&Prime; alignment=\u00a0\u00bbcenter\u00a0\u00bb style=\u00a0\u00bbvc_box_circle_2&Prime;][vc_column_text]\n<p style=\"text-align: center;\"><span style=\"color: #ffffff;\"><strong>Mathieu PRIOLLAUD<\/strong><\/span><\/p>\n<p style=\"text-align: center;\"><span style=\"color: #ffffff;\">3<sup>e<\/sup> Adjoint<\/span><\/p>\n[\/vc_column_text][\/vc_column][\/vc_row][vc_row css=\u00a0\u00bb.vc_custom_1613254752814{background-color: #1e73be !important;}\u00a0\u00bb][vc_column width=\u00a0\u00bb1\/4&Prime;][vc_single_image image=\u00a0\u00bb1075&Prime; alignment=\u00a0\u00bbcenter\u00a0\u00bb style=\u00a0\u00bbvc_box_circle_2&Prime;][vc_column_text]\n<p style=\"text-align: center;\"><span style=\"color: #ffffff;\"><strong>Pierre BOUSQU\u00c9<\/strong><\/span><\/p>\n<p style=\"text-align: center;\"><span style=\"color: #ffffff;\">Conseiller<\/span><\/p>\n[\/vc_column_text][\/vc_column][vc_column width=\u00a0\u00bb1\/4&Prime;][vc_single_image image=\u00a0\u00bb1074&Prime; alignment=\u00a0\u00bbcenter\u00a0\u00bb style=\u00a0\u00bbvc_box_circle_2&Prime;][vc_column_text]\n<p style=\"text-align: center;\"><span style=\"color: #ffffff;\"><strong>Nicolas BURGUETE<\/strong><\/span><\/p>\n<p style=\"text-align: center;\"><span style=\"color: #ffffff;\">Conseiller<\/span><\/p>\n[\/vc_column_text][\/vc_column][vc_column width=\u00a0\u00bb1\/4&Prime;][vc_single_image image=\u00a0\u00bb1067&Prime; alignment=\u00a0\u00bbcenter\u00a0\u00bb style=\u00a0\u00bbvc_box_circle_2&Prime;][vc_column_text]\n<p style=\"text-align: center;\"><span style=\"color: #ffffff;\"><strong>Clarisse C\u00c9C\u00c9<\/strong><\/span><\/p>\n<p style=\"text-align: center;\"><span style=\"color: #ffffff;\">Conseill\u00e8re<\/span><\/p>\n[\/vc_column_text][\/vc_column][vc_column width=\u00a0\u00bb1\/4&Prime;][vc_single_image image=\u00a0\u00bb1076&Prime; alignment=\u00a0\u00bbcenter\u00a0\u00bb style=\u00a0\u00bbvc_box_circle_2&Prime; onclick=\u00a0\u00bbzoom\u00a0\u00bb][vc_column_text]\n<p style=\"text-align: center;\"><span style=\"color: #ffffff;\"><strong>Patricia DALIS<\/strong><\/span><\/p>\n<p style=\"text-align: center;\"><span style=\"color: #ffffff;\">Conseill\u00e8re<\/span><\/p>\n[\/vc_column_text][\/vc_column][\/vc_row][vc_row css=\u00a0\u00bb.vc_custom_1613254752814{background-color: #1e73be !important;}\u00a0\u00bb][vc_column width=\u00a0\u00bb1\/3&Prime;][vc_single_image image=\u00a0\u00bb1070&Prime; alignment=\u00a0\u00bbcenter\u00a0\u00bb style=\u00a0\u00bbvc_box_circle_2&Prime;][vc_column_text]\n<p style=\"text-align: center;\"><span style=\"color: #ffffff;\"><strong>Jos\u00e9 FERREIRA<\/strong><\/span><\/p>\n<p style=\"text-align: center;\"><span style=\"color: #ffffff;\">Conseiller<\/span><\/p>\n[\/vc_column_text][\/vc_column][vc_column width=\u00a0\u00bb1\/3&Prime;][vc_single_image image=\u00a0\u00bb1068&Prime; alignment=\u00a0\u00bbcenter\u00a0\u00bb style=\u00a0\u00bbvc_box_circle_2&Prime;][vc_column_text]\n<p style=\"text-align: center;\"><span style=\"color: #ffffff;\"><strong>Emmanuel FOUGERAIS<\/strong><\/span><\/p>\n<p style=\"text-align: center;\"><span style=\"color: #ffffff;\">Conseiller<\/span><\/p>\n[\/vc_column_text][\/vc_column][vc_column width=\u00a0\u00bb1\/3&Prime;][vc_single_image image=\u00a0\u00bb1069&Prime; alignment=\u00a0\u00bbcenter\u00a0\u00bb style=\u00a0\u00bbvc_box_circle_2&Prime;][vc_column_text]\n<p style=\"text-align: center;\"><span style=\"color: #ffffff;\"><strong>Fran\u00e7ois FRANCE<\/strong><\/span><\/p>\n<p style=\"text-align: center;\"><span style=\"color: #ffffff;\">Conseiller<\/span><\/p>\n[\/vc_column_text][\/vc_column][\/vc_row][vc_row css=\u00a0\u00bb.vc_custom_1613254752814{background-color: #1e73be !important;}\u00a0\u00bb][vc_column width=\u00a0\u00bb1\/3&Prime;][vc_single_image image=\u00a0\u00bb1066&Prime; alignment=\u00a0\u00bbcenter\u00a0\u00bb style=\u00a0\u00bbvc_box_circle_2&Prime;][vc_column_text]\n<p style=\"text-align: center;\"><span style=\"color: #ffffff;\"><strong>Amandine LAFFITTAU<\/strong><\/span><\/p>\n<p style=\"text-align: center;\"><span style=\"color: #ffffff;\">Conseill\u00e8re<\/span><\/p>\n[\/vc_column_text][\/vc_column][vc_column width=\u00a0\u00bb1\/3&Prime;][vc_single_image image=\u00a0\u00bb1079&Prime; alignment=\u00a0\u00bbcenter\u00a0\u00bb style=\u00a0\u00bbvc_box_circle_2&Prime;][vc_column_text]\n<p style=\"text-align: center;\"><span style=\"color: #ffffff;\"><strong>Marie-Christine LANUSSE<\/strong><\/span><\/p>\n<p style=\"text-align: center;\"><span style=\"color: #ffffff;\">Conseill\u00e8re<\/span><\/p>\n[\/vc_column_text][\/vc_column][vc_column width=\u00a0\u00bb1\/3&Prime;][vc_single_image image=\u00a0\u00bb1072&Prime; alignment=\u00a0\u00bbcenter\u00a0\u00bb style=\u00a0\u00bbvc_box_circle_2&Prime;][vc_column_text]\n<p style=\"text-align: center;\"><span style=\"color: #ffffff;\"><strong>Mathilde LEVET<\/strong><\/span><\/p>\n<p style=\"text-align: center;\"><span style=\"color: #ffffff;\">Conseill\u00e8re<\/span><\/p>\n[\/vc_column_text][\/vc_column][\/vc_row][vc_row][vc_column width=\u00a0\u00bb1\/2&Prime;][vc_column_text]\n<blockquote>\n<p style=\"text-align: center;\"><strong><i>Andoins pour vous et avec vous : <\/i><\/strong><\/p>\n<p style=\"text-align: center;\"><strong><i>engagement et proximit\u00e9.<\/i><\/strong><\/p>\n<\/blockquote>\n[\/vc_column_text][vc_column_text]\n<p style=\"text-align: left;\">Les valeurs de l&rsquo;\u00e9quipe municipale :<\/p>\n<p>&nbsp;<\/p>\n<ul>\n<li>respecter et promouvoir l&rsquo;identit\u00e9 rurale et l&rsquo;histoire de notre village<\/li>\n<li>d\u00e9fendre l&rsquo;agriculture et le d\u00e9veloppement durable<\/li>\n<li>agir en faveur de toutes les g\u00e9n\u00e9rations<\/li>\n<li>assurer une gestion budg\u00e9taire saine et rigoureuse<\/li>\n<li>servir l&rsquo;int\u00e9r\u00eat g\u00e9n\u00e9ral avec \u00e9thique de responsabilit\u00e9 et exemplarit\u00e9<\/li>\n<\/ul>\n[\/vc_column_text][\/vc_column][vc_column width=\u00a0\u00bb1\/2&Prime;][vc_empty_space height=\u00a0\u00bb50px\u00a0\u00bb][vc_single_image image=\u00a0\u00bb1081&Prime; img_size=\u00a0\u00bbfull\u00a0\u00bb alignment=\u00a0\u00bbcenter\u00a0\u00bb style=\u00a0\u00bbvc_box_outline\u00a0\u00bb border_color=\u00a0\u00bbsky\u00a0\u00bb][\/vc_column][\/vc_row]\n","protected":false},"excerpt":{"rendered":"<p>[vc_row css=\u00a0\u00bb.vc_custom_1613254578764{background-color: #1e73be !important;}\u00a0\u00bb][vc_column width=\u00a0\u00bb1\/4&Prime;][vc_single_image image=\u00a0\u00bb1065&Prime; alignment=\u00a0\u00bbcenter\u00a0\u00bb style=\u00a0\u00bbvc_box_circle_2&Prime;][vc_column_text] Aude LACAZE-LABADIE Maire [\/vc_column_text][\/vc_column][vc_column width=\u00a0\u00bb1\/4&Prime;][vc_single_image image=\u00a0\u00bb1071&Prime; alignment=\u00a0\u00bbcenter\u00a0\u00bb style=\u00a0\u00bbvc_box_circle_2&Prime;][vc_column_text] Jean-Max LASSERRE 1er Adjoint [\/vc_column_text][\/vc_column][vc_column width=\u00a0\u00bb1\/4&Prime;][vc_single_image image=\u00a0\u00bb1077&Prime; alignment=\u00a0\u00bbcenter\u00a0\u00bb style=\u00a0\u00bbvc_box_circle_2&Prime;][vc_column_text] Sandrine CASAMAYOU-SOUL\u00c9 2e Adjointe [\/vc_column_text][\/vc_column][vc_column [&hellip;]<\/p>\n","protected":false},"author":1,"featured_media":0,"parent":358,"menu_order":0,"comment_status":"closed","ping_status":"closed","template":"","meta":{"kt_blocks_editor_width":""},"_links":{"self":[{"href":"https:\/\/andoins.com\/index.php\/wp-json\/wp\/v2\/pages\/285"}],"collection":[{"href":"https:\/\/andoins.com\/index.php\/wp-json\/wp\/v2\/pages"}],"about":[{"href":"https:\/\/andoins.com\/index.php\/wp-json\/wp\/v2\/types\/page"}],"author":[{"embeddable":true,"href":"https:\/\/andoins.com\/index.php\/wp-json\/wp\/v2\/users\/1"}],"replies":[{"embeddable":true,"href":"https:\/\/andoins.com\/index.php\/wp-json\/wp\/v2\/comments?post=285"}],"version-history":[{"count":24,"href":"https:\/\/andoins.com\/index.php\/wp-json\/wp\/v2\/pages\/285\/revisions"}],"predecessor-version":[{"id":1082,"href":"https:\/\/andoins.com\/index.php\/wp-json\/wp\/v2\/pages\/285\/revisions\/1082"}],"up":[{"embeddable":true,"href":"https:\/\/andoins.com\/index.php\/wp-json\/wp\/v2\/pages\/358"}],"wp:attachment":[{"href":"https:\/\/andoins.com\/index.php\/wp-json\/wp\/v2\/media?parent=285"}],"curies":[{"name":"wp","href":"https:\/\/api.w.org\/{rel}","templated":true}]}}