{"id":343,"date":"2021-02-24T21:27:29","date_gmt":"2021-02-24T20:27:29","guid":{"rendered":"http:\/\/andoins.com\/?page_id=343"},"modified":"2022-09-15T19:29:33","modified_gmt":"2022-09-15T17:29:33","slug":"artisans","status":"publish","type":"page","link":"https:\/\/andoins.com\/index.php\/home\/le-village\/artisans\/","title":{"rendered":"Artisans"},"content":{"rendered":"[vc_row][vc_column][vc_btn title=\u00a0\u00bbSi vous \u00eates artisan ou entrepreneur et habitez Andoins, n&rsquo;h\u00e9sitez pas \u00e0 cliquer ici pour pouvoir \u00eatre r\u00e9f\u00e9renc\u00e9 sur ce site.\u00a0\u00bb color=\u00a0\u00bbsky\u00a0\u00bb align=\u00a0\u00bbcenter\u00a0\u00bb i_icon_fontawesome=\u00a0\u00bbfa fa-pencil\u00a0\u00bb add_icon=\u00a0\u00bbtrue\u00a0\u00bb link=\u00a0\u00bburl:http%3A%2F%2Fandoins.com%2Findex.php%2Fhome%2Fle-village%2Fartisans%2Fcontact-2%2F||target:%20_blank|\u00a0\u00bb][vc_separator][\/vc_column][\/vc_row][vc_row][vc_column][vc_column_text]\n<p style=\"text-align: left;\"><strong>Menuiserie<\/strong><\/p>\n<p style=\"text-align: center;\">Menuiserie Minvielle J\u00e9r\u00f4me<\/p>\n<p style=\"text-align: center;\">06 76 72 28 74<\/p>\n[\/vc_column_text][vc_separator][\/vc_column][\/vc_row][vc_row][vc_column][vc_column_text]\n<p style=\"text-align: left;\"><strong>Traiteur<\/strong><\/p>\n<p style=\"text-align: center;\">Les p&rsquo;tites casseroles<\/p>\n<p style=\"text-align: center;\"><a href=\"https:\/\/www.lesptitescasseroles.com\" target=\"_blank\" rel=\"noopener\">https:\/\/www.lesptitescasseroles.com<\/a><\/p>\n[\/vc_column_text][vc_separator][\/vc_column][\/vc_row]\n","protected":false},"excerpt":{"rendered":"<p>[vc_row][vc_column][vc_btn title=\u00a0\u00bbSi vous \u00eates artisan ou entrepreneur et habitez Andoins, n&rsquo;h\u00e9sitez pas \u00e0 cliquer ici pour pouvoir \u00eatre r\u00e9f\u00e9renc\u00e9 sur ce site.\u00a0\u00bb color=\u00a0\u00bbsky\u00a0\u00bb align=\u00a0\u00bbcenter\u00a0\u00bb i_icon_fontawesome=\u00a0\u00bbfa fa-pencil\u00a0\u00bb add_icon=\u00a0\u00bbtrue\u00a0\u00bb link=\u00a0\u00bburl:http%3A%2F%2Fandoins.com%2Findex.php%2Fhome%2Fle-village%2Fartisans%2Fcontact-2%2F||target:%20_blank|\u00a0\u00bb][vc_separator][\/vc_column][\/vc_row][vc_row][vc_column][vc_column_text] Menuiserie Menuiserie [&hellip;]<\/p>\n","protected":false},"author":1,"featured_media":0,"parent":258,"menu_order":0,"comment_status":"closed","ping_status":"closed","template":"","meta":{"kt_blocks_editor_width":""},"_links":{"self":[{"href":"https:\/\/andoins.com\/index.php\/wp-json\/wp\/v2\/pages\/343"}],"collection":[{"href":"https:\/\/andoins.com\/index.php\/wp-json\/wp\/v2\/pages"}],"about":[{"href":"https:\/\/andoins.com\/index.php\/wp-json\/wp\/v2\/types\/page"}],"author":[{"embeddable":true,"href":"https:\/\/andoins.com\/index.php\/wp-json\/wp\/v2\/users\/1"}],"replies":[{"embeddable":true,"href":"https:\/\/andoins.com\/index.php\/wp-json\/wp\/v2\/comments?post=343"}],"version-history":[{"count":18,"href":"https:\/\/andoins.com\/index.php\/wp-json\/wp\/v2\/pages\/343\/revisions"}],"predecessor-version":[{"id":967,"href":"https:\/\/andoins.com\/index.php\/wp-json\/wp\/v2\/pages\/343\/revisions\/967"}],"up":[{"embeddable":true,"href":"https:\/\/andoins.com\/index.php\/wp-json\/wp\/v2\/pages\/258"}],"wp:attachment":[{"href":"https:\/\/andoins.com\/index.php\/wp-json\/wp\/v2\/media?parent=343"}],"curies":[{"name":"wp","href":"https:\/\/api.w.org\/{rel}","templated":true}]}}