{"id":347,"date":"2021-02-24T21:32:07","date_gmt":"2021-02-24T20:32:07","guid":{"rendered":"http:\/\/andoins.com\/?page_id=347"},"modified":"2024-02-14T23:31:40","modified_gmt":"2024-02-14T22:31:40","slug":"evenements","status":"publish","type":"page","link":"https:\/\/andoins.com\/index.php\/home\/le-village\/evenements\/","title":{"rendered":"Ev\u00e8nements"},"content":{"rendered":"[vc_row][vc_column css=\u00a0\u00bb.vc_custom_1615499737724{background-color: #41a5f2 !important;}\u00a0\u00bb][vc_column_text]<span style=\"color: #ffffff;\">Plusieurs \u00e9v\u00e8nements annuels ponctuent la vie \u00e0 Andoins. Parmi eux :<\/span><\/p>\n<p style=\"padding-left: 40px;\"><span style=\"color: #ffffff;\"><strong>\u00a7\u00a0<\/strong>les voeux du Maire et du Conseil municipal en Janvier<\/span><\/p>\n<p style=\"padding-left: 40px;\"><span style=\"color: #ffffff;\"><strong>\u00a7\u00a0<\/strong>un go\u00fbter et un repas des a\u00een\u00e9s organis\u00e9s par le CCAS<\/span><\/p>\n<p style=\"padding-left: 40px;\"><span style=\"color: #ffffff;\"><strong>\u00a7\u00a0<\/strong>un repas communal organis\u00e9 par la municipalit\u00e9 et offert aux habitants \u00e0 la fin de l&rsquo;\u00e9t\u00e9.<\/span><\/p>\n<p style=\"padding-left: 40px;\"><span style=\"color: #ffffff;\"><strong>\u00a7\u00a0<\/strong>les c\u00e9r\u00e9monies du 08 Mai et du 11 Novembre<\/span><\/p>\n<p style=\"padding-left: 40px;\"><span style=\"color: #ffffff;\"><strong>\u00a7\u00a0<\/strong>les f\u00eates d&rsquo;Andoins, pr\u00e9c\u00e9d\u00e9es des s\u00e9r\u00e9nades, en Juillet<\/span><\/p>\n<p style=\"padding-left: 40px;\"><span style=\"color: #ffffff;\"><strong>\u00a7\u00a0<\/strong>un march\u00e9 fermier organis\u00e9 \u00e0 plusieurs reprises dans l&rsquo;ann\u00e9e<\/span><\/p>\n<p style=\"padding-left: 40px;\"><span style=\"color: #ffffff;\"><strong>\u00a7\u00a0<\/strong>une course VTT et une marche organis\u00e9es par l&rsquo;APE<\/span><\/p>\n<p style=\"padding-left: 40px;\"><span style=\"color: #ffffff;\"><strong>\u00a7\u00a0<\/strong>le T\u00e9l\u00e9thon<\/span><\/p>\n[\/vc_column_text][\/vc_column][\/vc_row]\n","protected":false},"excerpt":{"rendered":"<p>[vc_row][vc_column css=\u00a0\u00bb.vc_custom_1615499737724{background-color: #41a5f2 !important;}\u00a0\u00bb][vc_column_text]Plusieurs \u00e9v\u00e8nements annuels ponctuent la vie \u00e0 Andoins. Parmi eux : \u00a7\u00a0les voeux du Maire et du Conseil municipal en Janvier \u00a7\u00a0un go\u00fbter et un repas des [&hellip;]<\/p>\n","protected":false},"author":1,"featured_media":0,"parent":258,"menu_order":0,"comment_status":"closed","ping_status":"closed","template":"","meta":{"kt_blocks_editor_width":""},"_links":{"self":[{"href":"https:\/\/andoins.com\/index.php\/wp-json\/wp\/v2\/pages\/347"}],"collection":[{"href":"https:\/\/andoins.com\/index.php\/wp-json\/wp\/v2\/pages"}],"about":[{"href":"https:\/\/andoins.com\/index.php\/wp-json\/wp\/v2\/types\/page"}],"author":[{"embeddable":true,"href":"https:\/\/andoins.com\/index.php\/wp-json\/wp\/v2\/users\/1"}],"replies":[{"embeddable":true,"href":"https:\/\/andoins.com\/index.php\/wp-json\/wp\/v2\/comments?post=347"}],"version-history":[{"count":17,"href":"https:\/\/andoins.com\/index.php\/wp-json\/wp\/v2\/pages\/347\/revisions"}],"predecessor-version":[{"id":1015,"href":"https:\/\/andoins.com\/index.php\/wp-json\/wp\/v2\/pages\/347\/revisions\/1015"}],"up":[{"embeddable":true,"href":"https:\/\/andoins.com\/index.php\/wp-json\/wp\/v2\/pages\/258"}],"wp:attachment":[{"href":"https:\/\/andoins.com\/index.php\/wp-json\/wp\/v2\/media?parent=347"}],"curies":[{"name":"wp","href":"https:\/\/api.w.org\/{rel}","templated":true}]}}