{"id":383,"date":"2021-02-24T22:29:50","date_gmt":"2021-02-24T21:29:50","guid":{"rendered":"http:\/\/andoins.com\/?page_id=383"},"modified":"2026-03-31T20:00:56","modified_gmt":"2026-03-31T18:00:56","slug":"services-municipaux","status":"publish","type":"page","link":"https:\/\/andoins.com\/index.php\/home\/municipalite\/services-municipaux\/","title":{"rendered":"Services municipaux"},"content":{"rendered":"[vc_row][vc_column][vc_tta_tour color=\u00a0\u00bbsky\u00a0\u00bb gap=\u00a0\u00bb1&Prime; active_section=\u00a0\u00bbA\u00a0\u00bb][vc_tta_section i_icon_fontawesome=\u00a0\u00bbfa fa-users\u00a0\u00bb add_icon=\u00a0\u00bbtrue\u00a0\u00bb title=\u00a0\u00bbEmploy\u00e9s communaux\u00a0\u00bb tab_id=\u00a0\u00bb1617825980539-62c765bc-1395&Prime;][vc_column_text]\n<p style=\"text-align: center;\">Six employ\u00e9s communaux \u0153uvrent au service de la municipalit\u00e9, de la commune et de l&rsquo;\u00e9cole.<\/p>\n[\/vc_column_text][vc_separator][vc_column_text]<span style=\"color: #3366ff;\"><strong>ASEM<\/strong><\/span><\/p>\n<p>L\u2019\u00e9cole d\u2019Andoins compte deux Agents Sp\u00e9cialis\u00e9s des Ecoles Maternelles et un employ\u00e9 technique polyvalent. Ces trois professionnels accueillent les enfants et veillent \u00e0 leur bien \u00eatre.<\/p>\n<p>Ils assistent le personnel enseignant de maternelle lors du temps scolaire (ASEM).<\/p>\n<p>Ils participent \u00e0 la surveillance et \u00e0 l\u2019animation des temps p\u00e9riscolaires (garderie et cantine), contribuent \u00e0 l\u2019apprentissage des r\u00e8gles de vie en collectivit\u00e9 des enfants et g\u00e8rent les \u00e9tats de pr\u00e9sence \u00e0 la garderie municipale.<\/p>\n<p>Ils ont \u00e9galement en charge la responsabilit\u00e9 de la propret\u00e9 de l\u2019\u00e9cole et participent pleinement \u00e0 son entretien.[\/vc_column_text][vc_separator][vc_column_text]<span style=\"color: #3366ff;\"><strong>Secr\u00e9taire de Mairie<\/strong><\/span><\/p>\n<p>Notre secr\u00e9taire de Mairie est la collaboratrice du Maire et des \u00e9lus municipaux en assurant les activit\u00e9s de la Mairie et en mettant en \u0153uvre les politiques d\u00e9clin\u00e9es par l\u2019\u00e9quipe municipale.<\/p>\n<p>Elle exerce une fonction essentielle \u00e0 la vie communale en \u00e9tant un appui administratif, technique et juridique aupr\u00e8s du Maire et des \u00e9lus dans tous les domaines d\u2019intervention\u00a0: la gestion comptable, le secr\u00e9tariat g\u00e9n\u00e9ral, les ressources humaines.<\/p>\n<p>Elle est \u00e9galement l\u2019interm\u00e9diaire entre les \u00e9lus et les administr\u00e9s et est souvent leur premier interlocuteur. Elle assure donc\u00a0 l\u2019accueil physique et t\u00e9l\u00e9phonique des administr\u00e9s et apporte un soutien technique si besoin.[\/vc_column_text][vc_separator][vc_column_text]<span style=\"color: #3366ff;\"><strong>Agent Technique Municipal<\/strong><\/span><\/p>\n<p>Notre agent communal effectue la maintenance et l\u2019entretien des locaux et espaces \u00e0 usage collectif : locaux et b\u00e2timents communaux, \u00e9cole, espaces verts, infrastructures routi\u00e8res municipales et chemins communaux.<\/p>\n<p>Il contribue pleinement \u00e0 l\u2019embellissement de la commune et au maintien d\u2019un cadre de vie s\u00e9curisant pour les administr\u00e9s.[\/vc_column_text][\/vc_tta_section][vc_tta_section i_icon_fontawesome=\u00a0\u00bbfa fa-graduation-cap\u00a0\u00bb add_icon=\u00a0\u00bbtrue\u00a0\u00bb title=\u00a0\u00bbEcole\u00a0\u00bb tab_id=\u00a0\u00bb1617826080523-6a5025fc-ce79&Prime;][vc_column_text]\n<blockquote>\n<p>L\u2019\u00e9cole d\u2019Andoins accueille environ 80 \u00e9l\u00e8ves r\u00e9partis en quatre classes :<\/p>\n<ul>\n<li>Classe de Mme DONNADIEU Brigitte : les trois sections de maternelle<\/li>\n<li>Classe de Mme BISCAY Laure : CP &amp; CE1<\/li>\n<li>Classe de Mme CAZAUX Jenna : CE1 &amp; CE2<\/li>\n<li>Classe de Mme GRATIA Laure : CM1 &amp; CM2<\/li>\n<\/ul>\n<p style=\"text-align: center;\"><strong><u>Coordonn\u00e9es t\u00e9l\u00e9phoniques<\/u><\/strong> :<\/p>\n<p style=\"text-align: center;\">Garderie : 06.83.65.40.83<\/p>\n<p style=\"text-align: center;\">Ecole : 05.59.33.60.24<\/p>\n<p style=\"text-align: center;\">Mairie 05.59.33.61.57<\/p>\n<\/blockquote>\n[\/vc_column_text][vc_column_text]<span style=\"color: #3366ff;\"><strong>Horaires d&rsquo;ouverture<\/strong><\/span><\/p>\n<p>Lundi \u2013 Mardi \u2013 Jeudi et Vendredi, de 8h30 \u00e0 12h et de 14h \u00e0 16h30.<\/p>\n<p><span style=\"color: #3366ff;\"><strong>Inscriptions<\/strong><\/span><\/p>\n<p>L\u2019inscription est enregistr\u00e9e par la Mairie sur pr\u00e9sentation du livret de famille et d\u2019un justificatif de domicile de moins de 3 mois, afin de d\u00e9livrer un certificat d\u2019inscription sign\u00e9 par Mme le Maire.<\/p>\n<p>Les parents terminent l\u2019inscription \u00e0 l\u2019\u00e9cole, aupr\u00e8s de la directrice, munis du certificat d\u2019inscription et du carnet de sant\u00e9 (ou d\u2019un document attestant que l\u2019enfant a subi les vaccinations obligatoires pour son \u00e2ge, ou justifie d\u2019une contre-indication).<\/p>\n<p>En cas de changement d\u2019\u00e9cole, il faudra aussi apporter un certificat de radiation fourni par l\u2019ancienne \u00e9cole.<\/p>\n<p style=\"text-align: center;\"><u>Contact<\/u><\/p>\n<p style=\"text-align: center;\">La directrice, Madame DONNADIEU Brigitte<\/p>\n<p style=\"text-align: center;\">All\u00e9e des \u00e9coles \u2013 64420 ANDOINS<\/p>\n<p style=\"text-align: center;\"><span style=\"color: #000000;\">T\u00e9l\u00e9phone<\/span> : 05 59 33 60 24<\/p>\n<p style=\"text-align: center;\"><span style=\"color: #000000;\">email<\/span> : <a href=\"mailto:ce.0641825L@ac-bordeaux.fr\" target=\"_blank\" rel=\"noopener\">ce.0641825L@ac-bordeaux.fr<\/a><\/p>\n<p>&nbsp;<\/p>\n<p><span style=\"color: #3366ff;\"><strong>Restauration scolaire<\/strong><\/span><\/p>\n<p>Le service p\u00e9riscolaire (Cantine et Garderie) est organis\u00e9 par la municipalit\u00e9 et assur\u00e9 par les agents communaux (ASEM).<\/p>\n<p>Le restaurant scolaire est assur\u00e9 de 12h \u00e0 13h50 par le personnel communal.<\/p>\n<p>Les enfants qui fr\u00e9quentent le restaurant scolaire doivent \u00eatre inscrits.<\/p>\n<p style=\"text-align: center;\"><a href=\"http:\/\/andoins.com\/wp-content\/uploads\/2025\/03\/Reglement-Cantine-2425.docx\" target=\"_blank\" rel=\"noopener\">R\u00e8glement int\u00e9rieur &amp; tarifs<\/a><\/p>\n<p>&nbsp;<\/p>\n<p><span style=\"color: #3366ff;\"><strong>Garderie<\/strong><\/span><\/p>\n<p>La garderie fonctionne aux horaires suivants :<\/p>\n<p>Lundi &#8211; mardi \u2013 jeudi et vendredi de 7h30 \u00e0 8h20 et de 16h30 \u00e0 18h30.<\/p>\n<p>La garderie est r\u00e9serv\u00e9e aux enfants INSCRITS et SCOLARIS\u00c9S \u00e0 l\u2019\u00e9cole d\u2019Andoins.<\/p>\n<p style=\"text-align: center;\"><a href=\"http:\/\/andoins.com\/wp-content\/uploads\/2025\/03\/Reglement-garderie-2425.docx\" target=\"_blank\" rel=\"noopener\">R\u00e8glement int\u00e9rieur &amp; tarifs<\/a><\/p>\n[\/vc_column_text][\/vc_tta_section][vc_tta_section i_icon_fontawesome=\u00a0\u00bbfa fa-building-o\u00a0\u00bb add_icon=\u00a0\u00bbtrue\u00a0\u00bb title=\u00a0\u00bbPLU\u00a0\u00bb tab_id=\u00a0\u00bb1617826125457-6c1d6ac5-8f79&Prime;][vc_column_text]Le Plan Local d&rsquo;Urbanisme (PLU), qui a remplac\u00e9 le Plan d&rsquo;Occupation des Sols (POS), est un document de port\u00e9e g\u00e9n\u00e9rale s&rsquo;imposant \u00e0 tous, particuliers et administrations. Il n&rsquo;est pas un simple outil de gestion du droit des sols d\u00e9finissant les r\u00e8gles d&rsquo;usage sur l&rsquo;ensemble du territoire communal ; il d\u00e9termine entre autres le droit \u00e0 construire et les conditions d&rsquo;\u00e9volution attach\u00e9s \u00e0 chaque parcelle.<\/p>\n<p>Ci-dessous tous les documents du PLU :<\/p>\n<p><a href=\"http:\/\/andoins.com\/wp-content\/uploads\/2021\/04\/Reglement.pdf\" target=\"_blank\" rel=\"noopener\">R\u00e8glement<\/a><\/p>\n<p><a href=\"http:\/\/andoins.com\/wp-content\/uploads\/2021\/04\/PADD.pdf\" target=\"_blank\" rel=\"noopener\">Projet d&rsquo;Am\u00e9nagement et de D\u00e9veloppement Durable<\/a><\/p>\n<p><a href=\"http:\/\/andoins.com\/wp-content\/uploads\/2021\/04\/Orientations-damenagement.pdf\" target=\"_blank\" rel=\"noopener\">Orientations d&rsquo;am\u00e9nagement<\/a><\/p>\n<p><a href=\"http:\/\/andoins.com\/wp-content\/uploads\/2021\/04\/Document-graphique-modification-simplifiee.pdf\" target=\"_blank\" rel=\"noopener\">Document graphique modification simplifi\u00e9e<\/a><\/p>\n<p><a href=\"http:\/\/andoins.com\/wp-content\/uploads\/2021\/04\/perimetre-DPU.pdf\" target=\"_blank\" rel=\"noopener\">P\u00e9rim\u00e8tre DPU<\/a>[\/vc_column_text][\/vc_tta_section][vc_tta_section i_icon_fontawesome=\u00a0\u00bbfa fa-handshake-o\u00a0\u00bb add_icon=\u00a0\u00bbtrue\u00a0\u00bb title=\u00a0\u00bbCCAS\u00a0\u00bb tab_id=\u00a0\u00bb1617826201503-35461dc7-7c20&Prime;][vc_column_text]<em>Le Centre Communal d&rsquo;Action Sociale (CCAS) est un \u00e9tablissement public communal \u00a0Il dispose donc d&rsquo;une personnalit\u00e9 juridique qui le distingue de la municipalit\u00e9. Sous la pr\u00e9sidence du Maire, il est compos\u00e9 d&rsquo;\u00e9lus et de personnes ext\u00e9rieures au conseil municipal, habitant la commune.<\/em><\/p>\n<p>&nbsp;<\/p>\n<p><strong>\u00a7 Les fonctions du CCAS<\/strong><\/p>\n<ul>\n<li>l&rsquo;\u00e9tablissement des dossiers d&rsquo;aide sociale et d&rsquo;aide m\u00e9dicale ainsi que leur transmission \u00e0 l&rsquo;autorit\u00e9 comp\u00e9tente (Pr\u00e9fet ou Pr\u00e9sident du Conseil D\u00e9partemental)<\/li>\n<li>la mise en oeuvre et la coordination, en liaison \u00e9troite avec les services et institutions publics, d&rsquo;une action sociale g\u00e9n\u00e9rale de pr\u00e9vention et d&rsquo;information<\/li>\n<li>il peut intervenir au moyen de prestations, en cas d&rsquo;urgence, afin de pr\u00e9venir et lutter contre tous modes d&rsquo;exclusion sociale<\/li>\n<li>il anime une action g\u00e9n\u00e9rale de d\u00e9veloppement social en faveur des a\u00een\u00e9s<\/li>\n<\/ul>\n<p>&nbsp;<\/p>\n<p><strong>\u00a7 Les actions du CCAS \u00e0 Andoins<\/strong><\/p>\n<ul>\n<li>interventions ponctuelles sur sollicitation<\/li>\n<li>go\u00fbter des a\u00een\u00e9s au printemps<\/li>\n<li>repas des a\u00een\u00e9s \u00e0 l&rsquo;automne<\/li>\n<\/ul>\n<p>&nbsp;<\/p>\n<p><strong>\u00a7 Les membres du CCAS<\/strong>[\/vc_column_text][vc_row_inner][vc_column_inner width=\u00a0\u00bb1\/3&Prime;][vc_separator][vc_column_text]\n<p style=\"text-align: center;\"><span style=\"color: #3366ff;\"><strong>Pr\u00e9sidente<\/strong><\/span><\/p>\n[\/vc_column_text][vc_separator][vc_column_text]Aude LACAZE-LABADIE[\/vc_column_text][\/vc_column_inner][vc_column_inner width=\u00a0\u00bb1\/3&Prime;][vc_separator][vc_column_text]\n<p style=\"text-align: center;\"><span style=\"color: #3366ff;\"><strong>Conseillers municipaux<\/strong><\/span><\/p>\n[\/vc_column_text][vc_separator][vc_column_text]\n<ul>\n<li>CASAMAYOU-SOUL\u00c9 Sandrine<\/li>\n<li>DALIS Patricia<\/li>\n<li>FOUGERAIS Emmanuel<\/li>\n<li>LANUSSE Marie-Christine<\/li>\n<\/ul>\n[\/vc_column_text][\/vc_column_inner][vc_column_inner width=\u00a0\u00bb1\/3&Prime;][vc_separator][vc_column_text]\n<p style=\"text-align: center;\"><span style=\"color: #3366ff;\"><strong>Personnes ext\u00e9rieures<\/strong><\/span><\/p>\n[\/vc_column_text][vc_separator][vc_column_text]\n<ul>\n<li><\/li>\n<li><\/li>\n<li><\/li>\n<li><\/li>\n<\/ul>\n[\/vc_column_text][\/vc_column_inner][\/vc_row_inner][\/vc_tta_section][vc_tta_section i_icon_fontawesome=\u00a0\u00bbfa fa-book\u00a0\u00bb add_icon=\u00a0\u00bbtrue\u00a0\u00bb title=\u00a0\u00bbRegistre\u00a0\u00bb tab_id=\u00a0\u00bb1617826255061-3fade740-49ca\u00a0\u00bb][vc_column_text]<em>Les Maires sont tenus, chaque ann\u00e9e, d&rsquo;instituer un registre nominatif des personnes \u00e2g\u00e9es et des personnes en situation de handicap de leur commune, vivant \u00e0 domicile et qui font une demande d&rsquo;inscription.<\/em><\/p>\n<p>La finalit\u00e9 exclusive de ce registre est de permettre l&rsquo;intervention cibl\u00e9e des services sanitaires et sociaux en cas de d\u00e9clenchement d&rsquo;un plan d&rsquo;alerte et d&rsquo;urgence par l&rsquo;autorit\u00e9 pr\u00e9fectorale.\u00a0En cas de d\u00e9clenchement du plan, il appartient au Pr\u00e9fet et \u00e0 lui seul de communiquer tout ou partie des donn\u00e9es du registre \u00e0 d&rsquo;autres destinataires, tels les organismes charg\u00e9s de l&rsquo;organisation et de la coordination des interventions \u00e0 domicile.<\/p>\n<p>La d\u00e9marche d&rsquo;inscription en mairie sur le registre est volontaire.<\/p>\n<p>Peuvent figurer sur le registre nominatif :<\/p>\n<ul>\n<li>les personnes \u00e2g\u00e9es de 65 ans et plus<\/li>\n<li>les personnes \u00e2g\u00e9es de plus de 60 ans inaptes au travail<\/li>\n<li>les adultes en situation de handicap ou les personnes b\u00e9n\u00e9ficiant d&rsquo;une pension d&rsquo;invalidit\u00e9<\/li>\n<\/ul>\n<p>Pour toute information compl\u00e9mentaire, contacter le secr\u00e9tariat de Mairie.[\/vc_column_text][\/vc_tta_section][vc_tta_section i_icon_fontawesome=\u00a0\u00bbfa fa-key\u00a0\u00bb add_icon=\u00a0\u00bbtrue\u00a0\u00bb title=\u00a0\u00bbLocation de salles\u00a0\u00bb tab_id=\u00a0\u00bb1617826359167-b05a676a-7151&Prime;][vc_column_text]\n<blockquote>\n<p style=\"text-align: center;\"><strong>Salle des Arcades<\/strong><\/p>\n<p>&nbsp;<\/p>\n<\/blockquote>\n<p><em>Demande :\u00a0<\/em>pour r\u00e9server il convient de faire parvenir sa demande par mail \u00e0 l&rsquo;adresse de la Mairie. Apr\u00e8s validation de la demande par M<sup>me<\/sup> le Maire, une convention sera envoy\u00e9e au demandeur.<\/p>\n<p><em>Tarif :<\/em>\u00a080 \u20ac pour les habitants d&rsquo;Andoins \/ 150 \u20ac pour toute autre demande<\/p>\n<p><em>Documents \u00e0 fournir :<\/em><\/p>\n<ul>\n<li>convention d\u00fbment remplie et sign\u00e9e<\/li>\n<li>ch\u00e8que de location \u00e0 l&rsquo;ordre du Tr\u00e9sor Public<\/li>\n<li>ch\u00e8que de caution de 800 \u20ac \u00e0 l&rsquo;ordre du Tr\u00e9sor Public<\/li>\n<li>ch\u00e8que de caution de 100 \u20ac (tri des d\u00e9chets) \u00e0 l&rsquo;ordre du Tr\u00e9sor Public<\/li>\n<li>attestation d&rsquo;assurance Responsabilit\u00e9 Civile pour l&rsquo;ann\u00e9e en cours<\/li>\n<\/ul>\n<p><em>Modalit\u00e9s :<\/em><\/p>\n<p>Les documents doivent \u00eatre fournis 10 jours au plus tard avant la manifestation. En cas de non-respect de cette \u00e9ch\u00e9ance, la salle sera consid\u00e9r\u00e9e comme disponible.<\/p>\n<p class=\"yiv5054033309MsoNormal\">Lors de r\u00e9servation le week-end, la salle est mise \u00e0 disposition du vendredi au lundi inclus. L&rsquo;\u00e9tat des lieux, r\u00e9alis\u00e9 par un agent communal, aura lieu le vendredi ET le lundi.<\/p>\n<p class=\"yiv5054033309MsoNormal\">Penser \u00e9galement \u00e0 indiquer le nombre de tables et de chaises \u00e0 mettre \u00e0 disposition (pas de possibilit\u00e9 de cuisiner sur place).<\/p>\n[\/vc_column_text][vc_column_text]\n<blockquote>\n<p style=\"text-align: center;\"><strong>Salle polyvalente<\/strong><\/p>\n<p style=\"text-align: center;\">(uniquement pour les habitants d&rsquo;Andoins)<\/p>\n<\/blockquote>\n<p><em>Demande :\u00a0<\/em>pour r\u00e9server il convient de faire parvenir sa demande par mail \u00e0 l&rsquo;adresse de la Mairie.\u00a0Apr\u00e8s validation de la demande par M<sup>me<\/sup> le Maire, une convention sera envoy\u00e9e au demandeur.<\/p>\n<p><em>Tarif :<\/em> 30 \u20ac\u00a0pour un cr\u00e9neau de 3 heures<\/p>\n<p>&nbsp;<\/p>\n<p><em>Documents \u00e0 fournir :<\/em><\/p>\n<ul>\n<li>convention d\u00fbment remplie et sign\u00e9e<\/li>\n<li>ch\u00e8que de location \u00e0 l&rsquo;ordre du Tr\u00e9sor Public<\/li>\n<li>ch\u00e8que de caution de 500 \u20ac \u00e0 l&rsquo;ordre du Tr\u00e9sor Public<\/li>\n<li>attestation d&rsquo;assurance Responsabilit\u00e9 Civile pour l&rsquo;ann\u00e9e en cours<\/li>\n<\/ul>\n<p>&nbsp;<\/p>\n<p><em>Modalit\u00e9s :<\/em><\/p>\n<p>Les documents doivent \u00eatre fournis 10 jours au plus tard avant la manifestation. En cas de non-respect de cette \u00e9ch\u00e9ance, la salle sera consid\u00e9r\u00e9e comme disponible.<\/p>\n<p class=\"yiv5054033309MsoNormal\">Pour la location de la salle polyvalente, la priorit\u00e9 sera donn\u00e9e aux associations.<\/p>\n[\/vc_column_text][\/vc_tta_section][\/vc_tta_tour][\/vc_column][\/vc_row]\n","protected":false},"excerpt":{"rendered":"<p>[vc_row][vc_column][vc_tta_tour color=\u00a0\u00bbsky\u00a0\u00bb gap=\u00a0\u00bb1&Prime; active_section=\u00a0\u00bbA\u00a0\u00bb][vc_tta_section i_icon_fontawesome=\u00a0\u00bbfa fa-users\u00a0\u00bb add_icon=\u00a0\u00bbtrue\u00a0\u00bb title=\u00a0\u00bbEmploy\u00e9s communaux\u00a0\u00bb tab_id=\u00a0\u00bb1617825980539-62c765bc-1395&Prime;][vc_column_text] Six employ\u00e9s communaux \u0153uvrent au service de la municipalit\u00e9, de la commune et de l&rsquo;\u00e9cole. [\/vc_column_text][vc_separator][vc_column_text]ASEM L\u2019\u00e9cole d\u2019Andoins compte deux [&hellip;]<\/p>\n","protected":false},"author":1,"featured_media":0,"parent":358,"menu_order":0,"comment_status":"closed","ping_status":"closed","template":"","meta":{"kt_blocks_editor_width":""},"_links":{"self":[{"href":"https:\/\/andoins.com\/index.php\/wp-json\/wp\/v2\/pages\/383"}],"collection":[{"href":"https:\/\/andoins.com\/index.php\/wp-json\/wp\/v2\/pages"}],"about":[{"href":"https:\/\/andoins.com\/index.php\/wp-json\/wp\/v2\/types\/page"}],"author":[{"embeddable":true,"href":"https:\/\/andoins.com\/index.php\/wp-json\/wp\/v2\/users\/1"}],"replies":[{"embeddable":true,"href":"https:\/\/andoins.com\/index.php\/wp-json\/wp\/v2\/comments?post=383"}],"version-history":[{"count":65,"href":"https:\/\/andoins.com\/index.php\/wp-json\/wp\/v2\/pages\/383\/revisions"}],"predecessor-version":[{"id":1094,"href":"https:\/\/andoins.com\/index.php\/wp-json\/wp\/v2\/pages\/383\/revisions\/1094"}],"up":[{"embeddable":true,"href":"https:\/\/andoins.com\/index.php\/wp-json\/wp\/v2\/pages\/358"}],"wp:attachment":[{"href":"https:\/\/andoins.com\/index.php\/wp-json\/wp\/v2\/media?parent=383"}],"curies":[{"name":"wp","href":"https:\/\/api.w.org\/{rel}","templated":true}]}}