{"id":399,"date":"2021-02-24T23:07:59","date_gmt":"2021-02-24T22:07:59","guid":{"rendered":"http:\/\/andoins.com\/?page_id=399"},"modified":"2024-06-11T21:53:05","modified_gmt":"2024-06-11T19:53:05","slug":"conseils-municipaux","status":"publish","type":"page","link":"https:\/\/andoins.com\/index.php\/home\/municipalite\/conseils-municipaux\/","title":{"rendered":"Conseils municipaux"},"content":{"rendered":"[vc_row][vc_column][vc_text_separator title=\u00a0\u00bbListe des d\u00e9lib\u00e9rations examin\u00e9es\u00a0\u00bb i_icon_fontawesome=\u00a0\u00bbfa fa-list-alt\u00a0\u00bb i_color=\u00a0\u00bbsky\u00a0\u00bb i_background_style=\u00a0\u00bbrounded-outline\u00a0\u00bb title_align=\u00a0\u00bbseparator_align_left\u00a0\u00bb border_width=\u00a0\u00bb3&Prime; add_icon=\u00a0\u00bbtrue\u00a0\u00bb][vc_column_text]&nbsp;<\/p>\n<p><a href=\"http:\/\/andoins.com\/wp-content\/uploads\/2024\/02\/Delib-12022024.pdf\" target=\"_blank\" rel=\"noopener\">Conseil municipal du 12 f\u00e9vrier 2024<\/a><\/p>\n<p><a href=\"http:\/\/andoins.com\/wp-content\/uploads\/2024\/03\/Delib-15032024.pdf\" target=\"_blank\" rel=\"noopener\">Conseil municipal du 11 mars 2024<\/a><\/p>\n<p><a href=\"http:\/\/andoins.com\/wp-content\/uploads\/2024\/04\/Delib-08042024.pdf\" target=\"_blank\" rel=\"noopener\">Conseil municipal du 08 avril 2024<\/a><\/p>\n<p><a href=\"http:\/\/andoins.com\/wp-content\/uploads\/2024\/06\/Delib-03062024.pdf\" target=\"_blank\" rel=\"noopener\">Conseil municipal du 03 juin 2024<\/a><\/p>\n<p>&nbsp;[\/vc_column_text][\/vc_column][\/vc_row][vc_row][vc_column][vc_text_separator title=\u00a0\u00bbProc\u00e8s verbaux\u00a0\u00bb i_icon_fontawesome=\u00a0\u00bbfa fa-book\u00a0\u00bb i_color=\u00a0\u00bbsky\u00a0\u00bb i_background_style=\u00a0\u00bbrounded-outline\u00a0\u00bb title_align=\u00a0\u00bbseparator_align_left\u00a0\u00bb border_width=\u00a0\u00bb3&Prime; add_icon=\u00a0\u00bbtrue\u00a0\u00bb][\/vc_column][\/vc_row]\n","protected":false},"excerpt":{"rendered":"<p>[vc_row][vc_column][vc_text_separator title=\u00a0\u00bbListe des d\u00e9lib\u00e9rations examin\u00e9es\u00a0\u00bb i_icon_fontawesome=\u00a0\u00bbfa fa-list-alt\u00a0\u00bb i_color=\u00a0\u00bbsky\u00a0\u00bb i_background_style=\u00a0\u00bbrounded-outline\u00a0\u00bb title_align=\u00a0\u00bbseparator_align_left\u00a0\u00bb border_width=\u00a0\u00bb3&Prime; add_icon=\u00a0\u00bbtrue\u00a0\u00bb][vc_column_text]&nbsp; Conseil municipal du 12 f\u00e9vrier 2024 Conseil municipal du 11 mars 2024 Conseil municipal du 08 avril 2024 [&hellip;]<\/p>\n","protected":false},"author":1,"featured_media":0,"parent":358,"menu_order":0,"comment_status":"closed","ping_status":"closed","template":"","meta":{"kt_blocks_editor_width":""},"_links":{"self":[{"href":"https:\/\/andoins.com\/index.php\/wp-json\/wp\/v2\/pages\/399"}],"collection":[{"href":"https:\/\/andoins.com\/index.php\/wp-json\/wp\/v2\/pages"}],"about":[{"href":"https:\/\/andoins.com\/index.php\/wp-json\/wp\/v2\/types\/page"}],"author":[{"embeddable":true,"href":"https:\/\/andoins.com\/index.php\/wp-json\/wp\/v2\/users\/1"}],"replies":[{"embeddable":true,"href":"https:\/\/andoins.com\/index.php\/wp-json\/wp\/v2\/comments?post=399"}],"version-history":[{"count":17,"href":"https:\/\/andoins.com\/index.php\/wp-json\/wp\/v2\/pages\/399\/revisions"}],"predecessor-version":[{"id":1027,"href":"https:\/\/andoins.com\/index.php\/wp-json\/wp\/v2\/pages\/399\/revisions\/1027"}],"up":[{"embeddable":true,"href":"https:\/\/andoins.com\/index.php\/wp-json\/wp\/v2\/pages\/358"}],"wp:attachment":[{"href":"https:\/\/andoins.com\/index.php\/wp-json\/wp\/v2\/media?parent=399"}],"curies":[{"name":"wp","href":"https:\/\/api.w.org\/{rel}","templated":true}]}}