{"id":433,"date":"2021-03-01T23:38:27","date_gmt":"2021-03-01T22:38:27","guid":{"rendered":"http:\/\/andoins.com\/?page_id=433"},"modified":"2026-03-31T22:39:07","modified_gmt":"2026-03-31T20:39:07","slug":"communaute-de-communes-2","status":"publish","type":"page","link":"https:\/\/andoins.com\/index.php\/home\/municipalite\/communaute-de-communes-2\/","title":{"rendered":"Communaut\u00e9 de communes"},"content":{"rendered":"[vc_row][vc_column][vc_single_image image=\u00a0\u00bb1096&Prime; img_size=\u00a0\u00bbmedium\u00a0\u00bb onclick=\u00a0\u00bbcustom_link\u00a0\u00bb link=\u00a0\u00bbhttps:\/\/www.cc-nordestbearn.fr\u00a0\u00bb][\/vc_column][\/vc_row][vc_row][vc_column width=\u00a0\u00bb2\/3&Prime;][vc_text_separator title=\u00a0\u00bbLa Communaut\u00e9\u00a0\u00bb title_align=\u00a0\u00bbseparator_align_left\u00a0\u00bb border_width=\u00a0\u00bb3&Prime;][vc_column_text]La communaut\u00e9 de communes Nord-Est B\u00e9arn (CCNEB) regroupe <strong><span style=\"color: #3366ff;\">73<\/span><\/strong> commnunes comptant <strong><span style=\"color: #3366ff;\">35 000<\/span><\/strong> habitants sur une superficie de <strong><span style=\"color: #3366ff;\">579 km\u00b2<\/span><\/strong>\u00a0(53 km du Nord au Sud).<\/p>\n<p>Elle est issue de la fusion de trois territoires voisins :<\/p>\n<ul>\n<li>la Communaut\u00e9 de Communes du Pays de Morla\u00e0s<\/li>\n<li>la Communaut\u00e9 de Communes Ousse Gabas<\/li>\n<li>la Communaut\u00e9 de Communes du Canton de Lembeye en Vic-Bilh.<\/li>\n<\/ul>\n<p>par arr\u00eat\u00e9 pr\u00e9fectoral du 22 juillet 2016.<\/p>\n<p>&nbsp;<\/p>\n<p>Son si\u00e8ge social a \u00e9t\u00e9 fix\u00e9 \u00e0 Morla\u00e0s.[\/vc_column_text][\/vc_column][vc_column width=\u00a0\u00bb1\/3&Prime;][vc_column_text]\n<blockquote>\n<p style=\"text-align: justify;\"><strong>Bon \u00e0 savoir<\/strong><\/p>\n<p style=\"text-align: justify;\">La CCNEB exerce diff\u00e9rentes comp\u00e9tences dont tous les d\u00e9tails sont disponibles sur son site internet.<\/p>\n<p style=\"text-align: justify;\">Le principe est qu\u2019une commune membre n\u2019a plus la possibilit\u00e9 d\u2019intervenir d\u00e8s l\u2019instant o\u00f9 la comp\u00e9tence est d\u00e9volue \u00e0 la communaut\u00e9.<\/p>\n<\/blockquote>\n[\/vc_column_text][\/vc_column][\/vc_row][vc_row][vc_column][vc_text_separator title=\u00a0\u00bbComp\u00e9tences\u00a0\u00bb title_align=\u00a0\u00bbseparator_align_left\u00a0\u00bb border_width=\u00a0\u00bb3&Prime;][vc_column_text]La CCNEB apporte des services et des aides pour les domaines de comp\u00e9tences suivants\u00a0:[\/vc_column_text][\/vc_column][\/vc_row][vc_row][vc_column width=\u00a0\u00bb1\/4&Prime;][vc_column_text]\n<p style=\"padding-left: 40px;\"><strong>\u00a7<\/strong>\u00a0 Service \u00e0 la population\u00a0 :<\/p>\n<p style=\"padding-left: 40px;\"><strong>\u00a7<\/strong>\u00a0 Cadre de vie :<\/p>\n<p style=\"padding-left: 40px;\"><strong>\u00a7<\/strong>\u00a0 Environnement\u00a0:<\/p>\n<p style=\"padding-left: 40px;\"><strong>\u00a7<\/strong>\u00a0 Sport, Culture et loisirs :<\/p>\n[\/vc_column_text][\/vc_column][vc_column width=\u00a0\u00bb3\/4&Prime;][vc_column_text]Petite enfance, enfance\/jeunesse, s\u00e9niors, sant\u00e9, aide \u00e0 domicile, mobilit\u00e9 &amp; num\u00e9rique<\/p>\n<p>Habitat, documents d\u2019urbanisme communaux, PLU Intercommunal&#8230;<\/p>\n<p>Patrimoine naturel, D\u00e9chets, eau\/assainissement, Gemapi<\/p>\n<p>Lecture publique, \u00e9quipements de loisirs, enseignement musical, tourisme, plan local de randonn\u00e9es<\/p>\n<p>&nbsp;[\/vc_column_text][\/vc_column][\/vc_row][vc_row][vc_column][vc_btn title=\u00a0\u00bbEn savoir plus\u00a0\u00bb color=\u00a0\u00bbsky\u00a0\u00bb i_icon_fontawesome=\u00a0\u00bbfa fa-search\u00a0\u00bb add_icon=\u00a0\u00bbtrue\u00a0\u00bb link=\u00a0\u00bburl:https%3A%2F%2Fwww.cc-nordestbearn.fr|||\u00a0\u00bb][\/vc_column][\/vc_row]\n","protected":false},"excerpt":{"rendered":"<p>[vc_row][vc_column][vc_single_image image=\u00a0\u00bb1096&Prime; img_size=\u00a0\u00bbmedium\u00a0\u00bb onclick=\u00a0\u00bbcustom_link\u00a0\u00bb link=\u00a0\u00bbhttps:\/\/www.cc-nordestbearn.fr\u00a0\u00bb][\/vc_column][\/vc_row][vc_row][vc_column width=\u00a0\u00bb2\/3&Prime;][vc_text_separator title=\u00a0\u00bbLa Communaut\u00e9\u00a0\u00bb title_align=\u00a0\u00bbseparator_align_left\u00a0\u00bb border_width=\u00a0\u00bb3&Prime;][vc_column_text]La communaut\u00e9 de communes Nord-Est B\u00e9arn (CCNEB) regroupe 73 commnunes comptant 35 000 habitants sur une superficie de 579 km\u00b2\u00a0(53 km [&hellip;]<\/p>\n","protected":false},"author":1,"featured_media":0,"parent":358,"menu_order":0,"comment_status":"closed","ping_status":"closed","template":"","meta":{"kt_blocks_editor_width":""},"_links":{"self":[{"href":"https:\/\/andoins.com\/index.php\/wp-json\/wp\/v2\/pages\/433"}],"collection":[{"href":"https:\/\/andoins.com\/index.php\/wp-json\/wp\/v2\/pages"}],"about":[{"href":"https:\/\/andoins.com\/index.php\/wp-json\/wp\/v2\/types\/page"}],"author":[{"embeddable":true,"href":"https:\/\/andoins.com\/index.php\/wp-json\/wp\/v2\/users\/1"}],"replies":[{"embeddable":true,"href":"https:\/\/andoins.com\/index.php\/wp-json\/wp\/v2\/comments?post=433"}],"version-history":[{"count":9,"href":"https:\/\/andoins.com\/index.php\/wp-json\/wp\/v2\/pages\/433\/revisions"}],"predecessor-version":[{"id":1097,"href":"https:\/\/andoins.com\/index.php\/wp-json\/wp\/v2\/pages\/433\/revisions\/1097"}],"up":[{"embeddable":true,"href":"https:\/\/andoins.com\/index.php\/wp-json\/wp\/v2\/pages\/358"}],"wp:attachment":[{"href":"https:\/\/andoins.com\/index.php\/wp-json\/wp\/v2\/media?parent=433"}],"curies":[{"name":"wp","href":"https:\/\/api.w.org\/{rel}","templated":true}]}}