{"id":759,"date":"2021-04-07T23:26:15","date_gmt":"2021-04-07T21:26:15","guid":{"rendered":"http:\/\/andoins.com\/?page_id=759"},"modified":"2022-02-24T19:21:04","modified_gmt":"2022-02-24T18:21:04","slug":"demarches-administratives","status":"publish","type":"page","link":"https:\/\/andoins.com\/index.php\/demarches-administratives\/","title":{"rendered":"Demarches administratives"},"content":{"rendered":"[vc_row][vc_column][vc_text_separator title=\u00a0\u00bbDocuments d&rsquo;identit\u00e9\u00a0\u00bb i_icon_fontawesome=\u00a0\u00bbfa fa-address-card-o\u00a0\u00bb i_color=\u00a0\u00bbsky\u00a0\u00bb i_background_style=\u00a0\u00bbrounded-outline\u00a0\u00bb title_align=\u00a0\u00bbseparator_align_left\u00a0\u00bb border_width=\u00a0\u00bb3&Prime; add_icon=\u00a0\u00bbtrue\u00a0\u00bb][\/vc_column][\/vc_row][vc_row][vc_column width=\u00a0\u00bb2\/3&Prime;][vc_column_text]\n<p class=\"western\">Depuis mars 2017 les pi\u00e8ces d\u2019identit\u00e9 (carte nationale d\u2019identit\u00e9, passeport) ne peuvent \u00eatre d\u00e9livr\u00e9es\u00a0que par une mairie \u00e9quip\u00e9e d\u2019un dispositif de recueil d\u2019empreintes.<\/p>\n<p class=\"western\">Vous avez la possibilit\u00e9 de vous adresser \u00e0 toute commune qui figure sur la liste pr\u00e9fectorale, soit pour les Pyr\u00e9n\u00e9es Atlantiques :<\/p>\n<p class=\"western\">Accous, Anglet, Arudy, Bayonne, Biarritz, Bidache, Cambo les Bains, Hasparren, Hendaye, Gan, Garlin, Laruns, Lembeye, Maul\u00e9on-Licharre, Monein, Morla\u00e0s, Mourenx, Navarrenx, Nay, Oloron Ste Marie, Orthez, Pau, St Jean de Luz, St Jean Pied de Port, St Palais, Serres-Castet, Soumoulou, Tardets, Th\u00e8ze.<\/p>\n[\/vc_column_text][\/vc_column][vc_column width=\u00a0\u00bb1\/3&Prime;][vc_column_text]\n<blockquote>\n<p>Pour les mairies de Morl\u00e0as et Soumoulou, plus de renseignements aux liens suivants :<\/p>\n<\/blockquote>\n[\/vc_column_text][vc_row_inner][vc_column_inner width=\u00a0\u00bb1\/2&Prime;][vc_btn title=\u00a0\u00bbMorl\u00e0as\u00a0\u00bb color=\u00a0\u00bbsky\u00a0\u00bb i_icon_fontawesome=\u00a0\u00bbfa fa-search\u00a0\u00bb add_icon=\u00a0\u00bbtrue\u00a0\u00bb link=\u00a0\u00bburl:https%3A%2F%2Fwww.mairie-morlaas.fr%2Fdemarches-administratives%2Fetat-civil-citoyennete%2Fcartes-didentite-passeports%2F|||\u00a0\u00bb][\/vc_column_inner][vc_column_inner width=\u00a0\u00bb1\/2&Prime;][vc_btn title=\u00a0\u00bbSoumoulou\u00a0\u00bb color=\u00a0\u00bbsky\u00a0\u00bb i_icon_fontawesome=\u00a0\u00bbfa fa-search\u00a0\u00bb add_icon=\u00a0\u00bbtrue\u00a0\u00bb link=\u00a0\u00bburl:http%3A%2F%2Fwww.soumoulou.fr%2Fmairie.html|||\u00a0\u00bb][\/vc_column_inner][\/vc_row_inner][\/vc_column][\/vc_row][vc_row][vc_column][vc_text_separator title=\u00a0\u00bbCertificats d&rsquo;immatriculation\u00a0\u00bb i_icon_fontawesome=\u00a0\u00bbfa fa-car\u00a0\u00bb i_color=\u00a0\u00bbsky\u00a0\u00bb i_background_style=\u00a0\u00bbrounded-outline\u00a0\u00bb title_align=\u00a0\u00bbseparator_align_left\u00a0\u00bb border_width=\u00a0\u00bb3&Prime; add_icon=\u00a0\u00bbtrue\u00a0\u00bb][\/vc_column][\/vc_row][vc_row][vc_column width=\u00a0\u00bb2\/3&Prime;][vc_column_text]Les services de la Pr\u00e9fecture ne traitent plus les demandes de certificat\u00a0d\u2019immatriculation, pr\u00e9c\u00e9demment et plus commun\u00e9ment\u00a0appel\u00e9 \u00ab carte grise \u00bb.<\/p>\n<p>Pour obtenir ce document il vous appartient :<\/p>\n<p>\u00a7 soit de d\u00e9poser votre demande sur le site internet officiel<\/p>\n<p>\u00a7 soit de vous adresser \u00e0 un garagiste agr\u00e9\u00e9 par la pr\u00e9fecture au Syst\u00e8me\u00a0d\u2019Immatriculation des V\u00e9hicules.[\/vc_column_text][\/vc_column][vc_column width=\u00a0\u00bb1\/3&Prime;][vc_column_text]\n<blockquote>\n<p>Site internet officiel :<\/p>\n<\/blockquote>\n[\/vc_column_text][vc_btn title=\u00a0\u00bbAgence Nationale des Titres S\u00e9curis\u00e9s\u00a0\u00bb color=\u00a0\u00bbsky\u00a0\u00bb i_icon_fontawesome=\u00a0\u00bbfa fa-search\u00a0\u00bb add_icon=\u00a0\u00bbtrue\u00a0\u00bb link=\u00a0\u00bburl:https%3A%2F%2Fimmatriculation.ants.gouv.fr|||\u00a0\u00bb][\/vc_column][\/vc_row][vc_row][vc_column][vc_text_separator title=\u00a0\u00bbInscription sur les listes \u00e9lectorales\u00a0\u00bb i_icon_fontawesome=\u00a0\u00bbfa fa-book\u00a0\u00bb i_color=\u00a0\u00bbsky\u00a0\u00bb i_background_style=\u00a0\u00bbrounded-outline\u00a0\u00bb title_align=\u00a0\u00bbseparator_align_left\u00a0\u00bb border_width=\u00a0\u00bb3&Prime; add_icon=\u00a0\u00bbtrue\u00a0\u00bb][\/vc_column][\/vc_row][vc_row][vc_column width=\u00a0\u00bb2\/3&Prime;][vc_column_text]Pour voter, il faut \u00eatre inscrit sur la liste \u00e9lectorale.<\/p>\n<p>L&rsquo;inscription sur la liste \u00e9lectorale peut se faire :<\/p>\n<p>\u00a7 en ligne en utilisant le <a href=\"https:\/\/www.authentification.service-public.fr\/auth\/realms\/service-public\/protocol\/openid-connect\/auth?client_id=dile&amp;scope=openid&amp;response_type=code&amp;code_challenge=j0RRvtvE5wnU7bbuqT-QG3tjItPiBrLOSqBRiLgidEI&amp;code_challenge_method=S256&amp;response_mode=fragment&amp;redirect_uri=https%3A%2F%2Fwww.inscriptionelectorale.service-public.fr%2Flogin&amp;nonce=test&amp;state=Lw%3D%3D\">t\u00e9l\u00e9service disponible<\/a><\/p>\n<p>\u00a7 en Mairie en pr\u00e9sentant un justificatif de domicile, un justificatif d\u2019identit\u00e9 et un <a href=\"https:\/\/www.service-public.fr\/particuliers\/vosdroits\/R16024\" target=\"_blank\" rel=\"noopener noreferrer\">Cerfa n\u00b012669*02<\/a>\u00a0de demande d\u2019inscription<\/p>\n<p>\u00a7 par courrier adress\u00e9 \u00e0 la mairie en joignant un justificatif de domicile, un justificatif d\u2019identit\u00e9 et le <a href=\"https:\/\/www.service-public.fr\/particuliers\/vosdroits\/R16024\" target=\"_blank\" rel=\"nofollow noopener noreferrer\">Cerfa n\u00b0 12669*02<\/a>\u00a0de demande d\u2019inscription.[\/vc_column_text][\/vc_column][vc_column width=\u00a0\u00bb1\/3&Prime;][vc_column_text]\n<blockquote>\n<p>Pour en savoir plus (qui peut \u00eatre \u00e9lecteur, o\u00f9\/quand\/comment s&rsquo;inscrire&#8230;), consulter le lien ci-dessous :<\/p>\n<\/blockquote>\n[\/vc_column_text][vc_btn title=\u00a0\u00bbService public\u00a0\u00bb color=\u00a0\u00bbsky\u00a0\u00bb i_icon_fontawesome=\u00a0\u00bbfa fa-search\u00a0\u00bb add_icon=\u00a0\u00bbtrue\u00a0\u00bb link=\u00a0\u00bburl:https%3A%2F%2Fwww.service-public.fr%2Fparticuliers%2Fvosdroits%2FF1367|||\u00a0\u00bb][\/vc_column][\/vc_row]\n","protected":false},"excerpt":{"rendered":"<p>[vc_row][vc_column][vc_text_separator title=\u00a0\u00bbDocuments d&rsquo;identit\u00e9\u00a0\u00bb i_icon_fontawesome=\u00a0\u00bbfa fa-address-card-o\u00a0\u00bb i_color=\u00a0\u00bbsky\u00a0\u00bb i_background_style=\u00a0\u00bbrounded-outline\u00a0\u00bb title_align=\u00a0\u00bbseparator_align_left\u00a0\u00bb border_width=\u00a0\u00bb3&Prime; add_icon=\u00a0\u00bbtrue\u00a0\u00bb][\/vc_column][\/vc_row][vc_row][vc_column width=\u00a0\u00bb2\/3&Prime;][vc_column_text] Depuis mars 2017 les pi\u00e8ces d\u2019identit\u00e9 (carte nationale d\u2019identit\u00e9, passeport) ne peuvent \u00eatre d\u00e9livr\u00e9es\u00a0que par une mairie \u00e9quip\u00e9e d\u2019un [&hellip;]<\/p>\n","protected":false},"author":1,"featured_media":0,"parent":0,"menu_order":0,"comment_status":"closed","ping_status":"closed","template":"","meta":{"kt_blocks_editor_width":""},"_links":{"self":[{"href":"https:\/\/andoins.com\/index.php\/wp-json\/wp\/v2\/pages\/759"}],"collection":[{"href":"https:\/\/andoins.com\/index.php\/wp-json\/wp\/v2\/pages"}],"about":[{"href":"https:\/\/andoins.com\/index.php\/wp-json\/wp\/v2\/types\/page"}],"author":[{"embeddable":true,"href":"https:\/\/andoins.com\/index.php\/wp-json\/wp\/v2\/users\/1"}],"replies":[{"embeddable":true,"href":"https:\/\/andoins.com\/index.php\/wp-json\/wp\/v2\/comments?post=759"}],"version-history":[{"count":6,"href":"https:\/\/andoins.com\/index.php\/wp-json\/wp\/v2\/pages\/759\/revisions"}],"predecessor-version":[{"id":921,"href":"https:\/\/andoins.com\/index.php\/wp-json\/wp\/v2\/pages\/759\/revisions\/921"}],"wp:attachment":[{"href":"https:\/\/andoins.com\/index.php\/wp-json\/wp\/v2\/media?parent=759"}],"curies":[{"name":"wp","href":"https:\/\/api.w.org\/{rel}","templated":true}]}}